{"id":1066,"date":"2026-03-09T04:22:29","date_gmt":"2026-03-09T03:22:29","guid":{"rendered":"https:\/\/freundebunutans.ch\/?page_id=1066"},"modified":"2026-04-27T10:44:57","modified_gmt":"2026-04-27T08:44:57","slug":"gesundheit","status":"publish","type":"page","link":"https:\/\/freundebunutans.ch\/index.php\/gesundheit\/","title":{"rendered":"Gesundheit"},"content":{"rendered":"\t\t<div data-elementor-type=\"wp-page\" data-elementor-id=\"1066\" class=\"elementor elementor-1066\">\n\t\t\t\t<div class=\"elementor-element elementor-element-4044597 e-con-full e-flex wpr-particle-no wpr-jarallax-no wpr-parallax-no wpr-sticky-section-no wpr-equal-height-no e-con e-parent\" data-id=\"4044597\" data-element_type=\"container\" data-e-type=\"container\" data-settings=\"{&quot;background_background&quot;:&quot;classic&quot;}\">\n\t\t<div class=\"elementor-element elementor-element-ef95d0e e-flex e-con-boxed wpr-particle-no wpr-jarallax-no wpr-parallax-no wpr-sticky-section-no wpr-equal-height-no e-con e-child\" data-id=\"ef95d0e\" data-element_type=\"container\" data-e-type=\"container\" data-settings=\"{&quot;background_background&quot;:&quot;classic&quot;}\">\n\t\t\t\t\t<div class=\"e-con-inner\">\n\t\t\t\t<div class=\"elementor-element elementor-element-1985fc8 elementor-widget elementor-widget-heading\" data-id=\"1985fc8\" data-element_type=\"widget\" data-e-type=\"widget\" data-widget_type=\"heading.default\">\n\t\t\t\t\t<h2 class=\"elementor-heading-title elementor-size-default\">\u201cGesundheit ist nicht alles, aber ohne Gesundheit ist alles nichts.\u201d<\/h2>\t\t\t\t<\/div>\n\t\t\t\t<div class=\"elementor-element elementor-element-b511ec0 elementor-widget elementor-widget-text-editor\" data-id=\"b511ec0\" data-element_type=\"widget\" data-e-type=\"widget\" data-widget_type=\"text-editor.default\">\n\t\t\t\t\t\t\t\t\t<p><span class=\"a_GcMg font-feature-liga-off font-feature-clig-off font-feature-calt-off text-decoration-none text-strikethrough-none\">Arthur Schopenhauer<\/span><\/p>\t\t\t\t\t\t\t\t<\/div>\n\t\t\t\t\t<\/div>\n\t\t\t\t<\/div>\n\t\t\t\t<\/div>\n\t\t<div class=\"elementor-element elementor-element-d832aad e-flex e-con-boxed wpr-particle-no wpr-jarallax-no wpr-parallax-no wpr-sticky-section-no wpr-equal-height-no e-con e-parent\" data-id=\"d832aad\" data-element_type=\"container\" data-e-type=\"container\">\n\t\t\t\t\t<div class=\"e-con-inner\">\n\t\t\t\t<div class=\"elementor-element elementor-element-1794ba8 elementor-widget elementor-widget-heading\" data-id=\"1794ba8\" data-element_type=\"widget\" data-e-type=\"widget\" data-widget_type=\"heading.default\">\n\t\t\t\t\t<h2 class=\"elementor-heading-title elementor-size-default\">Wenn Versorgung unerreichbar wird<\/h2>\t\t\t\t<\/div>\n\t\t\t\t<div class=\"elementor-element elementor-element-da0a776 elementor-widget elementor-widget-text-editor\" data-id=\"da0a776\" data-element_type=\"widget\" data-e-type=\"widget\" data-widget_type=\"text-editor.default\">\n\t\t\t\t\t\t\t\t\t<p>Gesundheit pr\u00e4gt unsere individuelle Lebensqualit\u00e4t und entscheidet oftmals dar\u00fcber, ob wir arbeiten und unseren Lebensunterhalt sichern k\u00f6nnen.<\/p><p>In den l\u00e4ndlichen Regionen Balis ist die medizinische Versorgung unzureichend. Arztpraxen und Spit\u00e4ler sind schwer erreichbar, die Wege dorthin lang.<\/p><p>Viele, gerade \u00e4ltere Balinesinnen und Balinesen leben ohnehin von der Hand in den Mund und k\u00f6nnen sich moderne schulmedizinische Behandlungen und Medikamente nicht leisten.<\/p>\t\t\t\t\t\t\t\t<\/div>\n\t\t\t\t<div class=\"elementor-element elementor-element-fe64613 elementor-widget elementor-widget-heading\" data-id=\"fe64613\" data-element_type=\"widget\" data-e-type=\"widget\" data-widget_type=\"heading.default\">\n\t\t\t\t\t<h2 class=\"elementor-heading-title elementor-size-default\">Die Krankenstation in bunutan<\/h2>\t\t\t\t<\/div>\n\t\t<div class=\"elementor-element elementor-element-2180385 e-con-full e-flex wpr-particle-no wpr-jarallax-no wpr-parallax-no wpr-sticky-section-no wpr-equal-height-no e-con e-child\" data-id=\"2180385\" data-element_type=\"container\" data-e-type=\"container\">\n\t\t\t\t<div class=\"elementor-element elementor-element-8a588f7 elementor-widget__width-initial elementor-widget elementor-widget-text-editor\" data-id=\"8a588f7\" data-element_type=\"widget\" data-e-type=\"widget\" data-widget_type=\"text-editor.default\">\n\t\t\t\t\t\t\t\t\t<p><span class=\"a_GcMg font-feature-liga-off font-feature-clig-off font-feature-calt-off text-decoration-none text-strikethrough-none\">Hier setzen wir an: Seit 2018 bieten wir in unserer Krankenstation den bed\u00fcrftigen Bewohnerinnen und Bewohnern und solchen ohne Krankenversicherung in der Gemeinde Bunutan kostenlose medizinische Betreuung, Physiotherapie sowie die notwendige medikament\u00f6se Versorgung an.<\/span><\/p><p class=\"cvGsUA direction-ltr align-start para-style-body\"><span class=\"a_GcMg font-feature-liga-off font-feature-clig-off font-feature-calt-off text-decoration-none text-strikethrough-none\">Jeweils sonntags entsendet unsere Partnerstiftung <\/span><span class=\"a_GcMg font-feature-liga-off font-feature-clig-off font-feature-calt-off text-strikethrough-none text-decoration-underline\">Bali Sehat<\/span><span class=\"a_GcMg font-feature-liga-off font-feature-clig-off font-feature-calt-off text-strikethrough-none text-decoration-none\"> auf unsere Kosten einen Arzt sowie medizinisches Fachpersonal in unsere Einrichtung.<\/span><\/p><p class=\"cvGsUA direction-ltr align-start para-style-body\"><span class=\"a_GcMg font-feature-liga-off font-feature-clig-off font-feature-calt-off text-decoration-none text-strikethrough-none\">Besonders chronisch erkrankte Menschen profitieren von diesem Angebot, da sie regelm\u00e4ssig medizinisch \u00fcberwacht und kontinuierlich mit den ben\u00f6tigten Medikamenten versorgt werden k\u00f6nnen.<\/span><\/p>\t\t\t\t\t\t\t\t<\/div>\n\t\t\t\t<div class=\"elementor-element elementor-element-541d0c9 elementor-widget elementor-widget-image\" data-id=\"541d0c9\" data-element_type=\"widget\" data-e-type=\"widget\" data-widget_type=\"image.default\">\n\t\t\t\t\t\t\t\t\t\t\t\t\t\t\t<img fetchpriority=\"high\" decoding=\"async\" width=\"700\" height=\"500\" src=\"https:\/\/freundebunutans.ch\/wp-content\/uploads\/2026\/03\/balisehat-1.png\" class=\"attachment-large size-large wp-image-1643\" alt=\"\" srcset=\"https:\/\/freundebunutans.ch\/wp-content\/uploads\/2026\/03\/balisehat-1.png 700w, https:\/\/freundebunutans.ch\/wp-content\/uploads\/2026\/03\/balisehat-1-300x214.png 300w\" sizes=\"(max-width: 700px) 100vw, 700px\" \/>\t\t\t\t\t\t\t\t\t\t\t\t\t\t\t<\/div>\n\t\t\t\t<\/div>\n\t\t<div class=\"elementor-element elementor-element-835a074 e-con-full e-flex wpr-particle-no wpr-jarallax-no wpr-parallax-no wpr-sticky-section-no wpr-equal-height-no e-con e-child\" data-id=\"835a074\" data-element_type=\"container\" data-e-type=\"container\" data-settings=\"{&quot;background_background&quot;:&quot;classic&quot;}\">\n\t\t\t\t<div class=\"elementor-element elementor-element-fc61f49 elementor-widget elementor-widget-text-editor\" data-id=\"fc61f49\" data-element_type=\"widget\" data-e-type=\"widget\" data-widget_type=\"text-editor.default\">\n\t\t\t\t\t\t\t\t\t<p><strong>So k\u00f6nnen Sie helfen:<\/strong><\/p><ul><li><span class=\"a_GcMg font-feature-liga-off font-feature-clig-off font-feature-calt-off text-decoration-none text-strikethrough-none\">CHF 50 finanzieren ein Jahr Blutdrucksenker f\u00fcr einen Patienten\u00a0<\/span><\/li><li><span class=\"a_GcMg font-feature-liga-off font-feature-clig-off font-feature-calt-off text-decoration-none text-strikethrough-none\">CHF 100 finanziert eine Arztsprechstunde mit Medikamenten f\u00fcr 30 Patienten.<\/span><\/li><li style=\"list-style-type: none;\">\u00a0<\/li><\/ul>\t\t\t\t\t\t\t\t<\/div>\n\t\t\t\t<div class=\"elementor-element elementor-element-cb65626 elementor-widget elementor-widget-button\" data-id=\"cb65626\" data-element_type=\"widget\" data-e-type=\"widget\" data-widget_type=\"button.default\">\n\t\t\t\t\t\t\t\t\t\t<a class=\"elementor-button elementor-button-link elementor-size-sm\" href=\"#\">\n\t\t\t\t\t\t<span class=\"elementor-button-content-wrapper\">\n\t\t\t\t\t\t\t\t\t<span class=\"elementor-button-text\">gesundheit jetzt unterst\u00fctzen<\/span>\n\t\t\t\t\t<\/span>\n\t\t\t\t\t<\/a>\n\t\t\t\t\t\t\t\t<\/div>\n\t\t\t\t<\/div>\n\t\t\t\t\t<\/div>\n\t\t\t\t<\/div>\n\t\t<div class=\"elementor-element elementor-element-ada8105 e-con-full e-flex wpr-particle-no wpr-jarallax-no wpr-parallax-no wpr-sticky-section-no wpr-equal-height-no e-con e-parent\" data-id=\"ada8105\" data-element_type=\"container\" data-e-type=\"container\">\n\t\t\t\t<div class=\"elementor-element elementor-element-8c2bf52 elementor-arrows-position-inside elementor-widget elementor-widget-image-carousel\" data-id=\"8c2bf52\" data-element_type=\"widget\" data-e-type=\"widget\" data-settings=\"{&quot;slides_to_show&quot;:&quot;3&quot;,&quot;navigation&quot;:&quot;arrows&quot;,&quot;autoplay&quot;:&quot;yes&quot;,&quot;pause_on_hover&quot;:&quot;yes&quot;,&quot;pause_on_interaction&quot;:&quot;yes&quot;,&quot;autoplay_speed&quot;:5000,&quot;infinite&quot;:&quot;yes&quot;,&quot;speed&quot;:500,&quot;image_spacing_custom&quot;:{&quot;unit&quot;:&quot;px&quot;,&quot;size&quot;:20,&quot;sizes&quot;:[]},&quot;image_spacing_custom_tablet&quot;:{&quot;unit&quot;:&quot;px&quot;,&quot;size&quot;:&quot;&quot;,&quot;sizes&quot;:[]},&quot;image_spacing_custom_mobile&quot;:{&quot;unit&quot;:&quot;px&quot;,&quot;size&quot;:&quot;&quot;,&quot;sizes&quot;:[]}}\" data-widget_type=\"image-carousel.default\">\n\t\t\t\t\t\t\t<div class=\"elementor-image-carousel-wrapper swiper\" role=\"region\" aria-roledescription=\"carousel\" aria-label=\"Bild Karussell\" dir=\"ltr\">\n\t\t\t<div class=\"elementor-image-carousel swiper-wrapper\" aria-live=\"off\">\n\t\t\t\t\t\t\t\t<div class=\"swiper-slide\" role=\"group\" aria-roledescription=\"slide\" aria-label=\"1 von 6\"><figure class=\"swiper-slide-inner\"><img decoding=\"async\" class=\"swiper-slide-image\" src=\"https:\/\/freundebunutans.ch\/wp-content\/uploads\/2026\/03\/16.png\" alt=\"16\" \/><figcaption class=\"elementor-image-carousel-caption\">M\u00fctter mit Kindern sind h\u00e4ufige Patienten.<\/figcaption><\/figure><\/div><div class=\"swiper-slide\" role=\"group\" aria-roledescription=\"slide\" aria-label=\"2 von 6\"><figure class=\"swiper-slide-inner\"><img decoding=\"async\" class=\"swiper-slide-image\" src=\"https:\/\/freundebunutans.ch\/wp-content\/uploads\/2026\/03\/17.png\" alt=\"17\" \/><figcaption class=\"elementor-image-carousel-caption\">F\u00fcr \u00e4ltere Menschen ist unsere Klinik oft der einzige, zu Fuss erreichbare Ort mit medizinischer Versorgung.<\/figcaption><\/figure><\/div><div class=\"swiper-slide\" role=\"group\" aria-roledescription=\"slide\" aria-label=\"3 von 6\"><figure class=\"swiper-slide-inner\"><img decoding=\"async\" class=\"swiper-slide-image\" src=\"https:\/\/freundebunutans.ch\/wp-content\/uploads\/2026\/03\/18.png\" alt=\"18\" \/><figcaption class=\"elementor-image-carousel-caption\">Die \u00c4rztin unserer Partnerstiftung Bali Sehat.<\/figcaption><\/figure><\/div><div class=\"swiper-slide\" role=\"group\" aria-roledescription=\"slide\" aria-label=\"4 von 6\"><figure class=\"swiper-slide-inner\"><img decoding=\"async\" class=\"swiper-slide-image\" src=\"https:\/\/freundebunutans.ch\/wp-content\/uploads\/2026\/03\/19.png\" alt=\"19\" \/><figcaption class=\"elementor-image-carousel-caption\">Die Patienten warten geduldig.<\/figcaption><\/figure><\/div><div class=\"swiper-slide\" role=\"group\" aria-roledescription=\"slide\" aria-label=\"5 von 6\"><figure class=\"swiper-slide-inner\"><img decoding=\"async\" class=\"swiper-slide-image\" src=\"https:\/\/freundebunutans.ch\/wp-content\/uploads\/2026\/03\/21.png\" alt=\"21\" \/><figcaption class=\"elementor-image-carousel-caption\">Unsere kleine Klinik in Lipah.<\/figcaption><\/figure><\/div><div class=\"swiper-slide\" role=\"group\" aria-roledescription=\"slide\" aria-label=\"6 von 6\"><figure class=\"swiper-slide-inner\"><img decoding=\"async\" class=\"swiper-slide-image\" src=\"https:\/\/freundebunutans.ch\/wp-content\/uploads\/2026\/03\/20.png\" alt=\"20\" \/><figcaption class=\"elementor-image-carousel-caption\">Die Pflegerin begr\u00fcsst die Patienten und macht erste Voruntersuchungen.<\/figcaption><\/figure><\/div>\t\t\t<\/div>\n\t\t\t\t\t\t\t\t\t\t\t\t<div class=\"elementor-swiper-button elementor-swiper-button-prev\" role=\"button\" tabindex=\"0\">\n\t\t\t\t\t\t<svg aria-hidden=\"true\" class=\"e-font-icon-svg e-eicon-chevron-left\" viewBox=\"0 0 1000 1000\" xmlns=\"http:\/\/www.w3.org\/2000\/svg\"><path d=\"M646 125C629 125 613 133 604 142L308 442C296 454 292 471 292 487 292 504 296 521 308 533L604 854C617 867 629 875 646 875 663 875 679 871 692 858 704 846 713 829 713 812 713 796 708 779 692 767L438 487 692 225C700 217 708 204 708 187 708 171 704 154 692 142 675 129 663 125 646 125Z\"><\/path><\/svg>\t\t\t\t\t<\/div>\n\t\t\t\t\t<div class=\"elementor-swiper-button elementor-swiper-button-next\" role=\"button\" tabindex=\"0\">\n\t\t\t\t\t\t<svg aria-hidden=\"true\" class=\"e-font-icon-svg e-eicon-chevron-right\" viewBox=\"0 0 1000 1000\" xmlns=\"http:\/\/www.w3.org\/2000\/svg\"><path d=\"M696 533C708 521 713 504 713 487 713 471 708 454 696 446L400 146C388 133 375 125 354 125 338 125 325 129 313 142 300 154 292 171 292 187 292 204 296 221 308 233L563 492 304 771C292 783 288 800 288 817 288 833 296 850 308 863 321 871 338 875 354 875 371 875 388 867 400 854L696 533Z\"><\/path><\/svg>\t\t\t\t\t<\/div>\n\t\t\t\t\n\t\t\t\t\t\t\t\t\t<\/div>\n\t\t\t\t\t\t<\/div>\n\t\t\t\t<\/div>\n\t\t\t\t<\/div>\n\t\t","protected":false},"excerpt":{"rendered":"<p>\u201cGesundheit ist nicht alles, aber ohne Gesundheit ist alles nichts.\u201d Arthur Schopenhauer Wenn Versorgung unerreichbar wird Gesundheit pr\u00e4gt unsere individuelle Lebensqualit\u00e4t und entscheidet oftmals dar\u00fcber, ob wir arbeiten und unseren Lebensunterhalt sichern k\u00f6nnen. In den l\u00e4ndlichen Regionen Balis ist die medizinische Versorgung unzureichend. Arztpraxen und Spit\u00e4ler sind schwer erreichbar, die Wege dorthin lang. Viele, gerade \u00e4ltere Balinesinnen und Balinesen leben ohnehin von der Hand in den Mund und k\u00f6nnen sich moderne schulmedizinische Behandlungen und Medikamente nicht leisten. Die Krankenstation in bunutan Hier setzen wir an: Seit 2018 bieten wir in unserer Krankenstation den bed\u00fcrftigen Bewohnerinnen und Bewohnern und solchen ohne Krankenversicherung in der Gemeinde Bunutan kostenlose medizinische Betreuung, Physiotherapie sowie die notwendige medikament\u00f6se Versorgung an. Jeweils sonntags entsendet unsere Partnerstiftung Bali Sehat auf unsere Kosten einen Arzt sowie medizinisches Fachpersonal in unsere Einrichtung. Besonders chronisch erkrankte Menschen profitieren von diesem Angebot, da sie regelm\u00e4ssig medizinisch \u00fcberwacht und kontinuierlich mit den ben\u00f6tigten Medikamenten versorgt werden k\u00f6nnen. So k\u00f6nnen Sie helfen: CHF 50 finanzieren ein Jahr Blutdrucksenker f\u00fcr einen Patienten\u00a0 CHF 100 finanziert eine Arztsprechstunde mit Medikamenten f\u00fcr 30 Patienten. \u00a0 gesundheit jetzt unterst\u00fctzen M\u00fctter mit Kindern sind h\u00e4ufige Patienten. F\u00fcr \u00e4ltere Menschen ist unsere Klinik oft der einzige, zu Fuss erreichbare Ort mit medizinischer Versorgung. Die \u00c4rztin unserer Partnerstiftung Bali Sehat. Die Patienten warten geduldig. Unsere kleine Klinik in Lipah. Die Pflegerin begr\u00fcsst die Patienten und macht erste Voruntersuchungen.<\/p>\n","protected":false},"author":1,"featured_media":0,"parent":0,"menu_order":0,"comment_status":"closed","ping_status":"closed","template":"","meta":{"footnotes":""},"class_list":["post-1066","page","type-page","status-publish","hentry"],"_links":{"self":[{"href":"https:\/\/freundebunutans.ch\/index.php\/wp-json\/wp\/v2\/pages\/1066","targetHints":{"allow":["GET"]}}],"collection":[{"href":"https:\/\/freundebunutans.ch\/index.php\/wp-json\/wp\/v2\/pages"}],"about":[{"href":"https:\/\/freundebunutans.ch\/index.php\/wp-json\/wp\/v2\/types\/page"}],"author":[{"embeddable":true,"href":"https:\/\/freundebunutans.ch\/index.php\/wp-json\/wp\/v2\/users\/1"}],"replies":[{"embeddable":true,"href":"https:\/\/freundebunutans.ch\/index.php\/wp-json\/wp\/v2\/comments?post=1066"}],"version-history":[{"count":61,"href":"https:\/\/freundebunutans.ch\/index.php\/wp-json\/wp\/v2\/pages\/1066\/revisions"}],"predecessor-version":[{"id":4892,"href":"https:\/\/freundebunutans.ch\/index.php\/wp-json\/wp\/v2\/pages\/1066\/revisions\/4892"}],"wp:attachment":[{"href":"https:\/\/freundebunutans.ch\/index.php\/wp-json\/wp\/v2\/media?parent=1066"}],"curies":[{"name":"wp","href":"https:\/\/api.w.org\/{rel}","templated":true}]}}