{"id":4384,"date":"2026-04-23T09:07:59","date_gmt":"2026-04-23T07:07:59","guid":{"rendered":"https:\/\/freundebunutans.ch\/?page_id=4384"},"modified":"2026-04-23T09:43:37","modified_gmt":"2026-04-23T07:43:37","slug":"impressum","status":"publish","type":"page","link":"https:\/\/freundebunutans.ch\/index.php\/impressum\/","title":{"rendered":"Impressum"},"content":{"rendered":"\t\t<div data-elementor-type=\"wp-page\" data-elementor-id=\"4384\" class=\"elementor elementor-4384\">\n\t\t\t\t<div class=\"elementor-element elementor-element-a1777c7 e-flex e-con-boxed wpr-particle-no wpr-jarallax-no wpr-parallax-no wpr-sticky-section-no wpr-equal-height-no e-con e-parent\" data-id=\"a1777c7\" data-element_type=\"container\" data-e-type=\"container\">\n\t\t\t\t\t<div class=\"e-con-inner\">\n\t\t\t\t<div class=\"elementor-element elementor-element-64090d6 elementor-widget elementor-widget-heading\" data-id=\"64090d6\" data-element_type=\"widget\" data-e-type=\"widget\" data-widget_type=\"heading.default\">\n\t\t\t\t\t<h2 class=\"elementor-heading-title elementor-size-default\">Impressum<\/h2>\t\t\t\t<\/div>\n\t\t\t\t<div class=\"elementor-element elementor-element-4fd2c3d elementor-widget elementor-widget-text-editor\" data-id=\"4fd2c3d\" data-element_type=\"widget\" data-e-type=\"widget\" data-widget_type=\"text-editor.default\">\n\t\t\t\t\t\t\t\t\t<p>F\u00f6rderverein Bunutan Bali<br data-start=\"532\" data-end=\"535\" \/>Rychenbergstrasse 56<br data-start=\"555\" data-end=\"558\" \/>8400 Winterthur<br data-start=\"573\" data-end=\"576\" \/>Schweiz<\/p><p>E-Mail: <a class=\"decorated-link cursor-pointer\" rel=\"noopener\" data-start=\"595\" data-end=\"618\">info@freundebunutans.ch<\/a><\/p>\t\t\t\t\t\t\t\t<\/div>\n\t\t\t\t<div class=\"elementor-element elementor-element-59acdfd elementor-widget elementor-widget-heading\" data-id=\"59acdfd\" data-element_type=\"widget\" data-e-type=\"widget\" data-widget_type=\"heading.default\">\n\t\t\t\t\t<h2 class=\"elementor-heading-title elementor-size-default\">Vertretungsberechtigt:<\/h2>\t\t\t\t<\/div>\n\t\t\t\t<div class=\"elementor-element elementor-element-f58743a elementor-widget elementor-widget-text-editor\" data-id=\"f58743a\" data-element_type=\"widget\" data-e-type=\"widget\" data-widget_type=\"text-editor.default\">\n\t\t\t\t\t\t\t\t\t<p>Vorstand des F\u00f6rdervereins<br \/>Roy Hitchman<br \/>E-Mail: roy<a class=\"decorated-link cursor-pointer\" rel=\"noopener\" data-start=\"595\" data-end=\"618\">@freundebunutans.ch<\/a><\/p>\t\t\t\t\t\t\t\t<\/div>\n\t\t\t\t<div class=\"elementor-element elementor-element-3016f0f elementor-widget elementor-widget-heading\" data-id=\"3016f0f\" data-element_type=\"widget\" data-e-type=\"widget\" data-widget_type=\"heading.default\">\n\t\t\t\t\t<h2 class=\"elementor-heading-title elementor-size-default\">Haftungsausschluss:<\/h2>\t\t\t\t<\/div>\n\t\t\t\t<div class=\"elementor-element elementor-element-024fab9 elementor-widget elementor-widget-text-editor\" data-id=\"024fab9\" data-element_type=\"widget\" data-e-type=\"widget\" data-widget_type=\"text-editor.default\">\n\t\t\t\t\t\t\t\t\t<p>Die Inhalte unserer Website wurden mit gr\u00f6sster Sorgfalt erstellt. F\u00fcr die Richtigkeit, Vollst\u00e4ndigkeit und Aktualit\u00e4t der Inhalte k\u00f6nnen wir jedoch keine Gew\u00e4hr \u00fcbernehmen.<\/p>\t\t\t\t\t\t\t\t<\/div>\n\t\t\t\t<div class=\"elementor-element elementor-element-433f0c0 elementor-widget elementor-widget-heading\" data-id=\"433f0c0\" data-element_type=\"widget\" data-e-type=\"widget\" data-widget_type=\"heading.default\">\n\t\t\t\t\t<h2 class=\"elementor-heading-title elementor-size-default\">Haftung f\u00fcr Links:<\/h2>\t\t\t\t<\/div>\n\t\t\t\t<div class=\"elementor-element elementor-element-14f45f6 elementor-widget elementor-widget-text-editor\" data-id=\"14f45f6\" data-element_type=\"widget\" data-e-type=\"widget\" data-widget_type=\"text-editor.default\">\n\t\t\t\t\t\t\t\t\t<p>Unsere Website enth\u00e4lt Links zu externen Websites Dritter. Auf deren Inhalte haben wir keinen Einfluss. F\u00fcr diese fremden Inhalte \u00fcbernehmen wir keine Gew\u00e4hr.<\/p>\t\t\t\t\t\t\t\t<\/div>\n\t\t\t\t<div class=\"elementor-element elementor-element-1e83367 elementor-widget elementor-widget-heading\" data-id=\"1e83367\" data-element_type=\"widget\" data-e-type=\"widget\" data-widget_type=\"heading.default\">\n\t\t\t\t\t<h2 class=\"elementor-heading-title elementor-size-default\">Urheberrechte:<\/h2>\t\t\t\t<\/div>\n\t\t\t\t<div class=\"elementor-element elementor-element-e279b37 elementor-widget elementor-widget-text-editor\" data-id=\"e279b37\" data-element_type=\"widget\" data-e-type=\"widget\" data-widget_type=\"text-editor.default\">\n\t\t\t\t\t\t\t\t\t<p>Die auf dieser Website ver\u00f6ffentlichten Inhalte unterliegen dem Urheberrecht. Jede Art der Verwertung bedarf der vorherigen schriftlichen Zustimmung.<\/p>\t\t\t\t\t\t\t\t<\/div>\n\t\t\t\t\t<\/div>\n\t\t\t\t<\/div>\n\t\t\t\t<\/div>\n\t\t","protected":false},"excerpt":{"rendered":"<p>Impressum F\u00f6rderverein Bunutan BaliRychenbergstrasse 568400 WinterthurSchweiz E-Mail: info@freundebunutans.ch Vertretungsberechtigt: Vorstand des F\u00f6rdervereinsRoy HitchmanE-Mail: roy@freundebunutans.ch Haftungsausschluss: Die Inhalte unserer Website wurden mit gr\u00f6sster Sorgfalt erstellt. F\u00fcr die Richtigkeit, Vollst\u00e4ndigkeit und Aktualit\u00e4t der Inhalte k\u00f6nnen wir jedoch keine Gew\u00e4hr \u00fcbernehmen. Haftung f\u00fcr Links: Unsere Website enth\u00e4lt Links zu externen Websites Dritter. Auf deren Inhalte haben wir keinen Einfluss. F\u00fcr diese fremden Inhalte \u00fcbernehmen wir keine Gew\u00e4hr. Urheberrechte: Die auf dieser Website ver\u00f6ffentlichten Inhalte unterliegen dem Urheberrecht. Jede Art der Verwertung bedarf der vorherigen schriftlichen Zustimmung.<\/p>\n","protected":false},"author":1,"featured_media":0,"parent":0,"menu_order":0,"comment_status":"closed","ping_status":"closed","template":"","meta":{"footnotes":""},"class_list":["post-4384","page","type-page","status-publish","hentry"],"_links":{"self":[{"href":"https:\/\/freundebunutans.ch\/index.php\/wp-json\/wp\/v2\/pages\/4384","targetHints":{"allow":["GET"]}}],"collection":[{"href":"https:\/\/freundebunutans.ch\/index.php\/wp-json\/wp\/v2\/pages"}],"about":[{"href":"https:\/\/freundebunutans.ch\/index.php\/wp-json\/wp\/v2\/types\/page"}],"author":[{"embeddable":true,"href":"https:\/\/freundebunutans.ch\/index.php\/wp-json\/wp\/v2\/users\/1"}],"replies":[{"embeddable":true,"href":"https:\/\/freundebunutans.ch\/index.php\/wp-json\/wp\/v2\/comments?post=4384"}],"version-history":[{"count":13,"href":"https:\/\/freundebunutans.ch\/index.php\/wp-json\/wp\/v2\/pages\/4384\/revisions"}],"predecessor-version":[{"id":4406,"href":"https:\/\/freundebunutans.ch\/index.php\/wp-json\/wp\/v2\/pages\/4384\/revisions\/4406"}],"wp:attachment":[{"href":"https:\/\/freundebunutans.ch\/index.php\/wp-json\/wp\/v2\/media?parent=4384"}],"curies":[{"name":"wp","href":"https:\/\/api.w.org\/{rel}","templated":true}]}}