{"id":508,"date":"2026-03-13T07:28:07","date_gmt":"2026-03-13T06:28:07","guid":{"rendered":"https:\/\/freundebunutans.ch\/?page_id=508"},"modified":"2026-04-08T06:53:41","modified_gmt":"2026-04-08T04:53:41","slug":"ueber-uns","status":"publish","type":"page","link":"https:\/\/freundebunutans.ch\/index.php\/ueber-uns\/","title":{"rendered":"\u00dcber uns"},"content":{"rendered":"\t\t<div data-elementor-type=\"wp-page\" data-elementor-id=\"508\" class=\"elementor elementor-508\">\n\t\t\t\t<div class=\"elementor-element elementor-element-aeead9b e-flex e-con-boxed wpr-particle-no wpr-jarallax-no wpr-parallax-no wpr-sticky-section-no wpr-equal-height-no e-con e-parent\" data-id=\"aeead9b\" data-element_type=\"container\" data-e-type=\"container\" data-settings=\"{&quot;background_background&quot;:&quot;classic&quot;}\">\n\t\t\t\t\t<div class=\"e-con-inner\">\n\t\t\t\t<div class=\"elementor-element elementor-element-a546e15 elementor-widget elementor-widget-heading\" data-id=\"a546e15\" data-element_type=\"widget\" data-e-type=\"widget\" data-widget_type=\"heading.default\">\n\t\t\t\t\t<h2 class=\"elementor-heading-title elementor-size-default\">\"Wir sind nicht nur f\u00fcr das verantwortlich, was wir tun, sondern auch f\u00fcr das, was wir nicht tun.\"\n- Moli\u00e8re<\/h2>\t\t\t\t<\/div>\n\t\t\t\t<div class=\"elementor-element elementor-element-0bc8701 elementor-widget elementor-widget-text-editor\" data-id=\"0bc8701\" data-element_type=\"widget\" data-e-type=\"widget\" data-widget_type=\"text-editor.default\">\n\t\t\t\t\t\t\t\t\t<p class=\"cvGsUA direction-ltr align-start para-style-body\"><strong><span class=\"a_GcMg font-feature-liga-off font-feature-clig-off font-feature-calt-off text-decoration-none text-strikethrough-none\">Ausbruch des Mount Agung <\/span><\/strong><span class=\"a_GcMg font-feature-liga-off font-feature-clig-off font-feature-calt-off text-decoration-none text-strikethrough-none\"><strong>im Jahr 2017<\/strong><br \/><\/span><span class=\"a_GcMg font-feature-liga-off font-feature-clig-off font-feature-calt-off text-decoration-none text-strikethrough-none\">Foto: I Wayan Sutha<\/span><\/p>\t\t\t\t\t\t\t\t<\/div>\n\t\t\t\t\t<\/div>\n\t\t\t\t<\/div>\n\t\t<div class=\"elementor-element elementor-element-dc21009 e-flex e-con-boxed wpr-particle-no wpr-jarallax-no wpr-parallax-no wpr-sticky-section-no wpr-equal-height-no e-con e-parent\" data-id=\"dc21009\" data-element_type=\"container\" data-e-type=\"container\">\n\t\t\t\t\t<div class=\"e-con-inner\">\n\t\t<div class=\"elementor-element elementor-element-a132135 e-con-full e-flex wpr-particle-no wpr-jarallax-no wpr-parallax-no wpr-sticky-section-no wpr-equal-height-no e-con e-child\" data-id=\"a132135\" data-element_type=\"container\" data-e-type=\"container\" data-settings=\"{&quot;background_background&quot;:&quot;classic&quot;}\">\n\t\t\t\t<div class=\"elementor-element elementor-element-d10fe5b elementor-widget elementor-widget-heading\" data-id=\"d10fe5b\" data-element_type=\"widget\" data-e-type=\"widget\" data-widget_type=\"heading.default\">\n\t\t\t\t\t<h2 class=\"elementor-heading-title elementor-size-default\">Unsere Geschichte<\/h2>\t\t\t\t<\/div>\n\t\t\t\t<div class=\"elementor-element elementor-element-8453ad2 elementor-widget elementor-widget-ucaddon_timeline_bullets\" data-id=\"8453ad2\" data-element_type=\"widget\" data-e-type=\"widget\" data-widget_type=\"ucaddon_timeline_bullets.default\">\n\t\t\t\t<div class=\"elementor-widget-container\">\n\t\t\t\t\t\n<!-- start Timeline Bullets -->\n\t\t<link id='font-awesome-css' href='https:\/\/freundebunutans.ch\/wp-content\/plugins\/unlimited-elements-for-elementor\/assets_libraries\/font-awesome6\/fontawesome-all.min.css' type='text\/css' rel='stylesheet' >\n\t\t<link id='font-awesome-4-shim-css' href='https:\/\/freundebunutans.ch\/wp-content\/plugins\/unlimited-elements-for-elementor\/assets_libraries\/font-awesome6\/fontawesome-v4-shims.min.css' type='text\/css' rel='stylesheet' >\n\n<style>\/* widget: Timeline Bullets *\/\n\n\n\n#uc_timeline_bullets_elementor_8453ad2 .ue_item{\n  display:flex;\n  position:relative;\n}\n\n#uc_timeline_bullets_elementor_8453ad2 .ue_item_icon{ \n  display:flex;\n  align-items:center;\n  justify-content:center;\n  flex-grow:0;\n  flex-shrink:0;\n  line-height:1em;\n  overflow:hidden;\n}\n\n#uc_timeline_bullets_elementor_8453ad2 .ue_item_icon img{\n  object-fit: cover;\n}\n\n#uc_timeline_bullets_elementor_8453ad2 .ue_item_icon svg{ \n  height:1em;\n  width:1em;\n}\n\n#uc_timeline_bullets_elementor_8453ad2 .ue_item_spacer{\n  flex-grow:0;\n  flex-shrink:0;\n}\n\n#uc_timeline_bullets_elementor_8453ad2 .ue_item_hr_line{\n  flex-grow:0;\n  flex-shrink:0;\n}\n\n#uc_timeline_bullets_elementor_8453ad2 .ue_item_vr_line{\n  height:100%;\n  position:absolute;\n  flex-grow:0;\n  flex-shrink:0;\n}\n\n#uc_timeline_bullets_elementor_8453ad2 .ue_item_title, \n#uc_timeline_bullets_elementor_8453ad2 .ue_item_text,\n#uc_timeline_bullets_elementor_8453ad2 .ue_item_icon{\n  transition: all .3s ease-out;\n}\n\n.ue_item_title{\n  font-size:21px;\n}\n\n#uc_timeline_bullets_elementor_8453ad2.uc-remote-parent .ue_item{\n  cursor:pointer;\n}\n\n<\/style>\n\n<div id=\"uc_timeline_bullets_elementor_8453ad2\" class=\"uc-items-wrapper  \"   role=\"list\">\n  <div class=\"ue_item elementor-repeater-item-48ae0c9\" role=\"listitem\" tabindex=\"0\">\n  <div class=\"ue_item_vr_line\"><\/div>\n  <div class=\"ue_item_hr_line\"><\/div>\n  <div class=\"ue_item_icon\">\n            <img fetchpriority=\"high\" decoding=\"async\" src=\"https:\/\/freundebunutans.ch\/wp-content\/uploads\/2026\/03\/The-Bunutan-Care-Projects-300x289.jpg\" src=\"https:\/\/freundebunutans.ch\/wp-content\/uploads\/2026\/03\/The-Bunutan-Care-Projects-300x289.jpg\" alt=\"The Bunutan Care Projects\" width=\"300\" height=\"289\">  <\/div>\n  <div class=\"ue_item_spacer\"><\/div>\n  <div class=\"ue_item_content\">\n    <div class=\"ue_item_title\">Erste Projekte<\/div>    <div class=\"ue_item_text\">2017 brach mit dem Gunung Agung das Wahrzeichen Balis aus und 140\u2018000 Menschen mussten ihre H\u00e4user verlassen. In dieser Situation starteten Ines Abraham und Roy Hitchman, zwei Schweizer vor Ort,  ihre ersten Hilfsprojekte f\u00fcr die betroffene Bev\u00f6lkerung - damals noch unter dem Namen The Bunutan Care Projects.\n<\/div>  <\/div>\n<\/div>\n<div class=\"ue_item elementor-repeater-item-e4012d5\" role=\"listitem\" tabindex=\"0\">\n  <div class=\"ue_item_vr_line\"><\/div>\n  <div class=\"ue_item_hr_line\"><\/div>\n  <div class=\"ue_item_icon\">\n            <img decoding=\"async\" src=\"https:\/\/freundebunutans.ch\/wp-content\/uploads\/2026\/03\/Rumah-Sehat-1-300x200.jpg\" src=\"https:\/\/freundebunutans.ch\/wp-content\/uploads\/2026\/03\/Rumah-Sehat-1-300x200.jpg\" alt=\"Rumah Sehat 1\" width=\"300\" height=\"200\">  <\/div>\n  <div class=\"ue_item_spacer\"><\/div>\n  <div class=\"ue_item_content\">\n    <div class=\"ue_item_title\">Ausbau<\/div>    <div class=\"ue_item_text\">In den folgenden Jahren wurden die Projekte schrittweise erweitert, unter anderem durch den Bau einer kleinen Krankenstation. 2018 ersch\u00fctterte eine Serie heftiger Erdbeben rund um die Lombokstrasse die Region und brachte den Tourismus fast zum Erliegen. <\/div>  <\/div>\n<\/div>\n<div class=\"ue_item elementor-repeater-item-534d2a2\" role=\"listitem\" tabindex=\"0\">\n  <div class=\"ue_item_vr_line\"><\/div>\n  <div class=\"ue_item_hr_line\"><\/div>\n  <div class=\"ue_item_icon\">\n            <img decoding=\"async\" src=\"https:\/\/freundebunutans.ch\/wp-content\/uploads\/2026\/03\/Sembako-700x500-1-300x214.png\" src=\"https:\/\/freundebunutans.ch\/wp-content\/uploads\/2026\/03\/Sembako-700x500-1-300x214.png\" alt=\"Sembako-700x500\" width=\"300\" height=\"214\">  <\/div>\n  <div class=\"ue_item_spacer\"><\/div>\n  <div class=\"ue_item_content\">\n    <div class=\"ue_item_title\">Pandemiejahre<\/div>    <div class=\"ue_item_text\">2020 traf COVID-19 Bali besonders hart. \u00dcber zwei Jahre hinweg versorgten die Bunutan Care Projects 115 Familien und 33 \u00e4ltere Menschen regelm\u00e4ssig mit Lebensmitteln.<\/div>  <\/div>\n<\/div>\n<div class=\"ue_item elementor-repeater-item-cff2ecb\" role=\"listitem\" tabindex=\"0\">\n  <div class=\"ue_item_vr_line\"><\/div>\n  <div class=\"ue_item_hr_line\"><\/div>\n  <div class=\"ue_item_icon\">\n            <img loading=\"lazy\" decoding=\"async\" src=\"https:\/\/freundebunutans.ch\/wp-content\/uploads\/2026\/03\/cropped-favicon-frei-300x300.png\" src=\"https:\/\/freundebunutans.ch\/wp-content\/uploads\/2026\/03\/cropped-favicon-frei-300x300.png\" alt=\"cropped-favicon-frei\" width=\"300\" height=\"300\">  <\/div>\n  <div class=\"ue_item_spacer\"><\/div>\n  <div class=\"ue_item_content\">\n    <div class=\"ue_item_title\">Gr\u00fcndung des F\u00f6rdervereins<\/div>    <div class=\"ue_item_text\">Im Juli 2023 wurde in der Schweiz der F\u00f6rderverein Bunutan Bali gegr\u00fcndet \u2013 kurz nach der Errichtung der indonesischen Stiftung Yayasan Sunari Bulan in Bunutan. Beide Organisationen arbeiten eng zusammen: Die Stiftung setzt die Projekte vor Ort um, der F\u00f6rderverein sorgt f\u00fcr die Finanzierung. Im selben Jahr startete auch das Bildungsprojekt Englischunterricht an Primarschulen: von einer ersten Pilotklasse ist es bis 2026 auf vier Schulen mit insgesamt zw\u00f6lf Klassen gewachsen.\n<\/div>  <\/div>\n<\/div>\n\n<\/div>\n<!-- end Timeline Bullets -->\t\t\t\t<\/div>\n\t\t\t\t<\/div>\n\t\t\t\t<\/div>\n\t\t\t\t\t<\/div>\n\t\t\t\t<\/div>\n\t\t<div class=\"elementor-element elementor-element-135026a e-flex e-con-boxed wpr-particle-no wpr-jarallax-no wpr-parallax-no wpr-sticky-section-no wpr-equal-height-no e-con e-parent\" data-id=\"135026a\" data-element_type=\"container\" data-e-type=\"container\">\n\t\t\t\t\t<div class=\"e-con-inner\">\n\t\t\t\t<div class=\"elementor-element elementor-element-63518ed elementor-widget elementor-widget-heading\" data-id=\"63518ed\" data-element_type=\"widget\" data-e-type=\"widget\" data-widget_type=\"heading.default\">\n\t\t\t\t\t<h2 class=\"elementor-heading-title elementor-size-default\">Der Vereinsvorstand<\/h2>\t\t\t\t<\/div>\n\t\t\t\t<div class=\"elementor-element elementor-element-6f2b476 elementor-widget elementor-widget-button\" data-id=\"6f2b476\" data-element_type=\"widget\" data-e-type=\"widget\" data-widget_type=\"button.default\">\n\t\t\t\t\t\t\t\t\t\t<a class=\"elementor-button elementor-button-link elementor-size-sm\" href=\"#\">\n\t\t\t\t\t\t<span class=\"elementor-button-content-wrapper\">\n\t\t\t\t\t\t\t\t\t<span class=\"elementor-button-text\">jetzt mitglied werden<\/span>\n\t\t\t\t\t<\/span>\n\t\t\t\t\t<\/a>\n\t\t\t\t\t\t\t\t<\/div>\n\t\t\t\t\t<\/div>\n\t\t\t\t<\/div>\n\t\t<div class=\"elementor-element elementor-element-10a324c e-flex e-con-boxed wpr-particle-no wpr-jarallax-no wpr-parallax-no wpr-sticky-section-no wpr-equal-height-no e-con e-parent\" data-id=\"10a324c\" data-element_type=\"container\" data-e-type=\"container\">\n\t\t\t\t\t<div class=\"e-con-inner\">\n\t\t<div class=\"elementor-element elementor-element-101539f e-con-full e-flex wpr-particle-no wpr-jarallax-no wpr-parallax-no wpr-sticky-section-no wpr-equal-height-no e-con e-child\" data-id=\"101539f\" data-element_type=\"container\" data-e-type=\"container\" data-settings=\"{&quot;background_background&quot;:&quot;classic&quot;}\">\n\t\t<div class=\"elementor-element elementor-element-d0578fb e-con-full e-flex wpr-particle-no wpr-jarallax-no wpr-parallax-no wpr-sticky-section-no wpr-equal-height-no e-con e-child\" data-id=\"d0578fb\" data-element_type=\"container\" data-e-type=\"container\">\n\t\t\t\t<div class=\"elementor-element elementor-element-da8a1b2 elementor-widget elementor-widget-image\" data-id=\"da8a1b2\" data-element_type=\"widget\" data-e-type=\"widget\" data-widget_type=\"image.default\">\n\t\t\t\t\t\t\t\t\t\t\t\t\t\t\t<img loading=\"lazy\" decoding=\"async\" width=\"500\" height=\"500\" src=\"https:\/\/freundebunutans.ch\/wp-content\/uploads\/2026\/03\/flower-orange.png\" class=\"elementor-animation-grow attachment-large size-large wp-image-1420\" alt=\"\" srcset=\"https:\/\/freundebunutans.ch\/wp-content\/uploads\/2026\/03\/flower-orange.png 500w, https:\/\/freundebunutans.ch\/wp-content\/uploads\/2026\/03\/flower-orange-300x300.png 300w, https:\/\/freundebunutans.ch\/wp-content\/uploads\/2026\/03\/flower-orange-150x150.png 150w\" sizes=\"(max-width: 500px) 100vw, 500px\" \/>\t\t\t\t\t\t\t\t\t\t\t\t\t\t\t<\/div>\n\t\t\t\t<\/div>\n\t\t\t\t<div class=\"elementor-element elementor-element-48aab85 elementor-widget elementor-widget-heading\" data-id=\"48aab85\" data-element_type=\"widget\" data-e-type=\"widget\" data-widget_type=\"heading.default\">\n\t\t\t\t\t<h2 class=\"elementor-heading-title elementor-size-default\">Ines Abraham<\/h2>\t\t\t\t<\/div>\n\t\t\t\t<div class=\"elementor-element elementor-element-0d0a8b3 elementor-widget elementor-widget-text-editor\" data-id=\"0d0a8b3\" data-element_type=\"widget\" data-e-type=\"widget\" data-widget_type=\"text-editor.default\">\n\t\t\t\t\t\t\t\t\t<p class=\"cvGsUA direction-ltr align-center para-style-body\"><span class=\"a_GcMg font-feature-liga-off font-feature-clig-off font-feature-calt-off text-decoration-none text-strikethrough-none\">Pr\u00e4sidentin &amp; <\/span><span class=\"a_GcMg font-feature-liga-off font-feature-clig-off font-feature-calt-off text-decoration-none text-strikethrough-none\">Projektmanagement<\/span><\/p>\t\t\t\t\t\t\t\t<\/div>\n\t\t\t\t<\/div>\n\t\t<div class=\"elementor-element elementor-element-bd79c5d e-con-full e-flex wpr-particle-no wpr-jarallax-no wpr-parallax-no wpr-sticky-section-no wpr-equal-height-no e-con e-child\" data-id=\"bd79c5d\" data-element_type=\"container\" data-e-type=\"container\" data-settings=\"{&quot;background_background&quot;:&quot;classic&quot;}\">\n\t\t<div class=\"elementor-element elementor-element-8cd338e e-con-full e-flex wpr-particle-no wpr-jarallax-no wpr-parallax-no wpr-sticky-section-no wpr-equal-height-no e-con e-child\" data-id=\"8cd338e\" data-element_type=\"container\" data-e-type=\"container\">\n\t\t\t\t<div class=\"elementor-element elementor-element-bbca3bd elementor-widget elementor-widget-image\" data-id=\"bbca3bd\" data-element_type=\"widget\" data-e-type=\"widget\" data-widget_type=\"image.default\">\n\t\t\t\t\t\t\t\t\t\t\t\t\t\t\t<img loading=\"lazy\" decoding=\"async\" width=\"500\" height=\"500\" src=\"https:\/\/freundebunutans.ch\/wp-content\/uploads\/2026\/03\/flower-orange.png\" class=\"elementor-animation-grow attachment-large size-large wp-image-1420\" alt=\"\" srcset=\"https:\/\/freundebunutans.ch\/wp-content\/uploads\/2026\/03\/flower-orange.png 500w, https:\/\/freundebunutans.ch\/wp-content\/uploads\/2026\/03\/flower-orange-300x300.png 300w, https:\/\/freundebunutans.ch\/wp-content\/uploads\/2026\/03\/flower-orange-150x150.png 150w\" sizes=\"(max-width: 500px) 100vw, 500px\" \/>\t\t\t\t\t\t\t\t\t\t\t\t\t\t\t<\/div>\n\t\t\t\t<\/div>\n\t\t\t\t<div class=\"elementor-element elementor-element-bde7c18 elementor-widget elementor-widget-heading\" data-id=\"bde7c18\" data-element_type=\"widget\" data-e-type=\"widget\" data-widget_type=\"heading.default\">\n\t\t\t\t\t<h2 class=\"elementor-heading-title elementor-size-default\">Robert Weiss<\/h2>\t\t\t\t<\/div>\n\t\t\t\t<div class=\"elementor-element elementor-element-1663fa7 elementor-widget elementor-widget-text-editor\" data-id=\"1663fa7\" data-element_type=\"widget\" data-e-type=\"widget\" data-widget_type=\"text-editor.default\">\n\t\t\t\t\t\t\t\t\t<p class=\"cvGsUA direction-ltr align-center para-style-body\"><span class=\"a_GcMg font-feature-liga-off font-feature-clig-off font-feature-calt-off text-decoration-none text-strikethrough-none\">Medien &amp; IT<\/span><\/p>\t\t\t\t\t\t\t\t<\/div>\n\t\t\t\t<\/div>\n\t\t<div class=\"elementor-element elementor-element-95ca02c e-con-full e-flex wpr-particle-no wpr-jarallax-no wpr-parallax-no wpr-sticky-section-no wpr-equal-height-no e-con e-child\" data-id=\"95ca02c\" data-element_type=\"container\" data-e-type=\"container\" data-settings=\"{&quot;background_background&quot;:&quot;classic&quot;}\">\n\t\t<div class=\"elementor-element elementor-element-8835f0b e-con-full e-flex wpr-particle-no wpr-jarallax-no wpr-parallax-no wpr-sticky-section-no wpr-equal-height-no e-con e-child\" data-id=\"8835f0b\" data-element_type=\"container\" data-e-type=\"container\">\n\t\t\t\t<div class=\"elementor-element elementor-element-7eb49ca elementor-widget elementor-widget-image\" data-id=\"7eb49ca\" data-element_type=\"widget\" data-e-type=\"widget\" data-widget_type=\"image.default\">\n\t\t\t\t\t\t\t\t\t\t\t\t\t\t\t<img loading=\"lazy\" decoding=\"async\" width=\"500\" height=\"500\" src=\"https:\/\/freundebunutans.ch\/wp-content\/uploads\/2026\/03\/flower-orange.png\" class=\"elementor-animation-grow attachment-large size-large wp-image-1420\" alt=\"\" srcset=\"https:\/\/freundebunutans.ch\/wp-content\/uploads\/2026\/03\/flower-orange.png 500w, https:\/\/freundebunutans.ch\/wp-content\/uploads\/2026\/03\/flower-orange-300x300.png 300w, https:\/\/freundebunutans.ch\/wp-content\/uploads\/2026\/03\/flower-orange-150x150.png 150w\" sizes=\"(max-width: 500px) 100vw, 500px\" \/>\t\t\t\t\t\t\t\t\t\t\t\t\t\t\t<\/div>\n\t\t\t\t<\/div>\n\t\t\t\t<div class=\"elementor-element elementor-element-98f7263 elementor-widget elementor-widget-heading\" data-id=\"98f7263\" data-element_type=\"widget\" data-e-type=\"widget\" data-widget_type=\"heading.default\">\n\t\t\t\t\t<h2 class=\"elementor-heading-title elementor-size-default\">Roy Hitchman<\/h2>\t\t\t\t<\/div>\n\t\t\t\t<div class=\"elementor-element elementor-element-8f5daa8 elementor-widget elementor-widget-text-editor\" data-id=\"8f5daa8\" data-element_type=\"widget\" data-e-type=\"widget\" data-widget_type=\"text-editor.default\">\n\t\t\t\t\t\t\t\t\t<p class=\"cvGsUA direction-ltr align-center para-style-body\"><span class=\"a_GcMg font-feature-liga-off font-feature-clig-off font-feature-calt-off text-decoration-none text-strikethrough-none\">Finanzen, Datenschutz &amp; Projektmanagement<\/span><\/p>\t\t\t\t\t\t\t\t<\/div>\n\t\t\t\t<\/div>\n\t\t\t\t\t<\/div>\n\t\t\t\t<\/div>\n\t\t\t\t<\/div>\n\t\t","protected":false},"excerpt":{"rendered":"<p>&#8220;Wir sind nicht nur f\u00fcr das verantwortlich, was wir tun, sondern auch f\u00fcr das, was wir nicht tun.&#8221; &#8211; Moli\u00e8re Ausbruch des Mount Agung im Jahr 2017Foto: I Wayan Sutha Unsere Geschichte Erste Projekte 2017 brach mit dem Gunung Agung das Wahrzeichen Balis aus und 140\u2018000 Menschen mussten ihre H\u00e4user verlassen. In dieser Situation starteten Ines Abraham und Roy Hitchman, zwei Schweizer vor Ort, ihre ersten Hilfsprojekte f\u00fcr die betroffene Bev\u00f6lkerung &#8211; damals noch unter dem Namen The Bunutan Care Projects. Ausbau In den folgenden Jahren wurden die Projekte schrittweise erweitert, unter anderem durch den Bau einer kleinen Krankenstation. 2018 ersch\u00fctterte eine Serie heftiger Erdbeben rund um die Lombokstrasse die Region und brachte den Tourismus fast zum Erliegen. Pandemiejahre 2020 traf COVID-19 Bali besonders hart. \u00dcber zwei Jahre hinweg versorgten die Bunutan Care Projects 115 Familien und 33 \u00e4ltere Menschen regelm\u00e4ssig mit Lebensmitteln. Gr\u00fcndung des F\u00f6rdervereins Im Juli 2023 wurde in der Schweiz der F\u00f6rderverein Bunutan Bali gegr\u00fcndet \u2013 kurz nach der Errichtung der indonesischen Stiftung Yayasan Sunari Bulan in Bunutan. Beide Organisationen arbeiten eng zusammen: Die Stiftung setzt die Projekte vor Ort um, der F\u00f6rderverein sorgt f\u00fcr die Finanzierung. Im selben Jahr startete auch das Bildungsprojekt Englischunterricht an Primarschulen: von einer ersten Pilotklasse ist es bis 2026 auf vier Schulen mit insgesamt zw\u00f6lf Klassen gewachsen. Der Vereinsvorstand jetzt mitglied werden Ines Abraham Pr\u00e4sidentin &amp; Projektmanagement Robert Weiss Medien &amp; IT Roy Hitchman Finanzen, Datenschutz &amp; Projektmanagement<\/p>\n","protected":false},"author":1,"featured_media":0,"parent":0,"menu_order":0,"comment_status":"closed","ping_status":"closed","template":"","meta":{"footnotes":""},"class_list":["post-508","page","type-page","status-publish","hentry"],"_links":{"self":[{"href":"https:\/\/freundebunutans.ch\/index.php\/wp-json\/wp\/v2\/pages\/508","targetHints":{"allow":["GET"]}}],"collection":[{"href":"https:\/\/freundebunutans.ch\/index.php\/wp-json\/wp\/v2\/pages"}],"about":[{"href":"https:\/\/freundebunutans.ch\/index.php\/wp-json\/wp\/v2\/types\/page"}],"author":[{"embeddable":true,"href":"https:\/\/freundebunutans.ch\/index.php\/wp-json\/wp\/v2\/users\/1"}],"replies":[{"embeddable":true,"href":"https:\/\/freundebunutans.ch\/index.php\/wp-json\/wp\/v2\/comments?post=508"}],"version-history":[{"count":91,"href":"https:\/\/freundebunutans.ch\/index.php\/wp-json\/wp\/v2\/pages\/508\/revisions"}],"predecessor-version":[{"id":3183,"href":"https:\/\/freundebunutans.ch\/index.php\/wp-json\/wp\/v2\/pages\/508\/revisions\/3183"}],"wp:attachment":[{"href":"https:\/\/freundebunutans.ch\/index.php\/wp-json\/wp\/v2\/media?parent=508"}],"curies":[{"name":"wp","href":"https:\/\/api.w.org\/{rel}","templated":true}]}}