{"id":932,"date":"2026-03-09T02:48:27","date_gmt":"2026-03-09T01:48:27","guid":{"rendered":"https:\/\/freundebunutans.ch\/?page_id=932"},"modified":"2026-04-08T10:31:46","modified_gmt":"2026-04-08T08:31:46","slug":"ernaehrung","status":"publish","type":"page","link":"https:\/\/freundebunutans.ch\/index.php\/ernaehrung\/","title":{"rendered":"Ern\u00e4hrung"},"content":{"rendered":"\t\t<div data-elementor-type=\"wp-page\" data-elementor-id=\"932\" class=\"elementor elementor-932\">\n\t\t\t\t<div class=\"elementor-element elementor-element-4044597 e-con-full e-flex wpr-particle-no wpr-jarallax-no wpr-parallax-no wpr-sticky-section-no wpr-equal-height-no e-con e-parent\" data-id=\"4044597\" data-element_type=\"container\" data-e-type=\"container\" data-settings=\"{&quot;background_background&quot;:&quot;classic&quot;}\">\n\t\t<div class=\"elementor-element elementor-element-ef95d0e e-flex e-con-boxed wpr-particle-no wpr-jarallax-no wpr-parallax-no wpr-sticky-section-no wpr-equal-height-no e-con e-child\" data-id=\"ef95d0e\" data-element_type=\"container\" data-e-type=\"container\" data-settings=\"{&quot;background_background&quot;:&quot;classic&quot;}\">\n\t\t\t\t\t<div class=\"e-con-inner\">\n\t\t\t\t<div class=\"elementor-element elementor-element-1985fc8 elementor-widget elementor-widget-heading\" data-id=\"1985fc8\" data-element_type=\"widget\" data-e-type=\"widget\" data-widget_type=\"heading.default\">\n\t\t\t\t\t<h2 class=\"elementor-heading-title elementor-size-default\">\u201cHunger ist keine Frage von Wohlt\u00e4tigkeit. Er ist eine Frage von Gerechtigkeit.\u201c <\/h2>\t\t\t\t<\/div>\n\t\t\t\t<div class=\"elementor-element elementor-element-b511ec0 elementor-widget elementor-widget-text-editor\" data-id=\"b511ec0\" data-element_type=\"widget\" data-e-type=\"widget\" data-widget_type=\"text-editor.default\">\n\t\t\t\t\t\t\t\t\t<p><span class=\"a_GcMg font-feature-liga-off font-feature-clig-off font-feature-calt-off text-decoration-none text-strikethrough-none\">Jacques Diouf, ehem. Generaldirektor der FAO<\/span><\/p>\t\t\t\t\t\t\t\t<\/div>\n\t\t\t\t\t<\/div>\n\t\t\t\t<\/div>\n\t\t\t\t<\/div>\n\t\t<div class=\"elementor-element elementor-element-c95eb61 e-flex e-con-boxed wpr-particle-no wpr-jarallax-no wpr-parallax-no wpr-sticky-section-no wpr-equal-height-no e-con e-parent\" data-id=\"c95eb61\" data-element_type=\"container\" data-e-type=\"container\">\n\t\t\t\t\t<div class=\"e-con-inner\">\n\t\t<div class=\"elementor-element elementor-element-e1ef50e e-con-full e-flex wpr-particle-no wpr-jarallax-no wpr-parallax-no wpr-sticky-section-no wpr-equal-height-no e-con e-child\" data-id=\"e1ef50e\" data-element_type=\"container\" data-e-type=\"container\">\n\t\t\t\t<div class=\"elementor-element elementor-element-6d2986b elementor-widget elementor-widget-image\" data-id=\"6d2986b\" data-element_type=\"widget\" data-e-type=\"widget\" data-widget_type=\"image.default\">\n\t\t\t\t\t\t\t\t\t\t\t\t\t\t\t<img fetchpriority=\"high\" decoding=\"async\" width=\"700\" height=\"800\" src=\"https:\/\/freundebunutans.ch\/wp-content\/uploads\/2026\/03\/face-700x800-1.png\" class=\"elementor-animation-grow attachment-large size-large wp-image-1562\" alt=\"\" srcset=\"https:\/\/freundebunutans.ch\/wp-content\/uploads\/2026\/03\/face-700x800-1.png 700w, https:\/\/freundebunutans.ch\/wp-content\/uploads\/2026\/03\/face-700x800-1-263x300.png 263w\" sizes=\"(max-width: 700px) 100vw, 700px\" \/>\t\t\t\t\t\t\t\t\t\t\t\t\t\t\t<\/div>\n\t\t\t\t<div class=\"elementor-element elementor-element-e0a67de elementor-widget elementor-widget-image\" data-id=\"e0a67de\" data-element_type=\"widget\" data-e-type=\"widget\" data-widget_type=\"image.default\">\n\t\t\t\t\t\t\t\t\t\t\t\t\t\t\t<img decoding=\"async\" width=\"700\" height=\"500\" src=\"https:\/\/freundebunutans.ch\/wp-content\/uploads\/2026\/03\/Sembako2-700x500-1.png\" class=\"elementor-animation-grow attachment-large size-large wp-image-1560\" alt=\"\" srcset=\"https:\/\/freundebunutans.ch\/wp-content\/uploads\/2026\/03\/Sembako2-700x500-1.png 700w, https:\/\/freundebunutans.ch\/wp-content\/uploads\/2026\/03\/Sembako2-700x500-1-300x214.png 300w\" sizes=\"(max-width: 700px) 100vw, 700px\" \/>\t\t\t\t\t\t\t\t\t\t\t\t\t\t\t<\/div>\n\t\t\t\t<\/div>\n\t\t<div class=\"elementor-element elementor-element-b659c10 e-con-full e-flex wpr-particle-no wpr-jarallax-no wpr-parallax-no wpr-sticky-section-no wpr-equal-height-no e-con e-child\" data-id=\"b659c10\" data-element_type=\"container\" data-e-type=\"container\">\n\t\t\t\t<div class=\"elementor-element elementor-element-fc5eebd elementor-widget elementor-widget-heading\" data-id=\"fc5eebd\" data-element_type=\"widget\" data-e-type=\"widget\" data-widget_type=\"heading.default\">\n\t\t\t\t\t<h2 class=\"elementor-heading-title elementor-size-default\">Gemeinsam gegen Isolation<\/h2>\t\t\t\t<\/div>\n\t\t\t\t<div class=\"elementor-element elementor-element-cd74cd3 elementor-widget elementor-widget-text-editor\" data-id=\"cd74cd3\" data-element_type=\"widget\" data-e-type=\"widget\" data-widget_type=\"text-editor.default\">\n\t\t\t\t\t\t\t\t\t<p class=\"cvGsUA direction-ltr align-start para-style-body\"><span class=\"a_GcMg font-feature-liga-off font-feature-clig-off font-feature-calt-off text-decoration-none text-strikethrough-none\">Seit 2017 unterst\u00fctzen wir betagte Menschen in den steilen H\u00fcgeln von Lipah, die in Armut und oft Einsamkeit leben.<\/span><\/p><p class=\"cvGsUA direction-ltr align-start para-style-body\"><span class=\"a_GcMg font-feature-liga-off font-feature-clig-off font-feature-calt-off text-decoration-none text-strikethrough-none\">Obwohl die balinesische Tradition vorsieht, dass Familien f\u00fcr ihre \u00c4ltesten sorgen, fehlen vielen Angeh\u00f6rigen selbst die Mittel.<\/span><\/p><p class=\"cvGsUA direction-ltr align-start para-style-body\"><span class=\"a_GcMg font-feature-liga-off font-feature-clig-off font-feature-calt-off text-decoration-none text-strikethrough-none\">Alte Menschen bleiben deshalb h\u00e4ufig sich selbst \u00fcberlassen.<\/span><\/p>\t\t\t\t\t\t\t\t<\/div>\n\t\t\t\t<div class=\"elementor-element elementor-element-2afe9ed elementor-widget elementor-widget-text-editor\" data-id=\"2afe9ed\" data-element_type=\"widget\" data-e-type=\"widget\" data-widget_type=\"text-editor.default\">\n\t\t\t\t\t\t\t\t\t<p class=\"cvGsUA direction-ltr align-start para-style-body\"><span class=\"a_GcMg font-feature-liga-off font-feature-clig-off font-feature-calt-off text-decoration-none text-strikethrough-none\">Wir versorgen zwischen 25 und 35 besonders arme und teils schwer gebrechliche Seniorinnen und Senioren regelm\u00e4ssig mit Grundnahrungsmitteln.<\/span><\/p><p class=\"cvGsUA direction-ltr align-start para-style-body\"><span class=\"a_GcMg font-feature-liga-off font-feature-clig-off font-feature-calt-off text-decoration-none text-strikethrough-none\">Unsere Boten halten uns \u00fcber die dringendsten Bed\u00fcrfnisse der alten Menschen auf dem Laufenden, so dass wir bei Bedarf medizinische Betreuung organisieren k\u00f6nnen.<\/span><\/p>\t\t\t\t\t\t\t\t<\/div>\n\t\t\t\t<\/div>\n\t\t\t\t\t<\/div>\n\t\t\t\t<\/div>\n\t\t<div class=\"elementor-element elementor-element-d832aad e-flex e-con-boxed wpr-particle-no wpr-jarallax-no wpr-parallax-no wpr-sticky-section-no wpr-equal-height-no e-con e-parent\" data-id=\"d832aad\" data-element_type=\"container\" data-e-type=\"container\">\n\t\t\t\t\t<div class=\"e-con-inner\">\n\t\t\t\t<div class=\"elementor-element elementor-element-c9d0e6a elementor-absolute e-transform elementor-widget elementor-widget-image\" data-id=\"c9d0e6a\" data-element_type=\"widget\" data-e-type=\"widget\" data-settings=\"{&quot;_position&quot;:&quot;absolute&quot;,&quot;_transform_rotateZ_effect&quot;:{&quot;unit&quot;:&quot;px&quot;,&quot;size&quot;:-36,&quot;sizes&quot;:[]},&quot;_transform_rotateZ_effect_tablet&quot;:{&quot;unit&quot;:&quot;deg&quot;,&quot;size&quot;:&quot;&quot;,&quot;sizes&quot;:[]},&quot;_transform_rotateZ_effect_mobile&quot;:{&quot;unit&quot;:&quot;deg&quot;,&quot;size&quot;:&quot;&quot;,&quot;sizes&quot;:[]}}\" data-widget_type=\"image.default\">\n\t\t\t\t\t\t\t\t\t\t\t\t\t\t\t<img decoding=\"async\" width=\"300\" height=\"300\" src=\"https:\/\/freundebunutans.ch\/wp-content\/uploads\/2026\/03\/flower-orange-300x300.png\" class=\"attachment-medium size-medium wp-image-1420\" alt=\"\" srcset=\"https:\/\/freundebunutans.ch\/wp-content\/uploads\/2026\/03\/flower-orange-300x300.png 300w, https:\/\/freundebunutans.ch\/wp-content\/uploads\/2026\/03\/flower-orange-150x150.png 150w, https:\/\/freundebunutans.ch\/wp-content\/uploads\/2026\/03\/flower-orange.png 500w\" sizes=\"(max-width: 300px) 100vw, 300px\" \/>\t\t\t\t\t\t\t\t\t\t\t\t\t\t\t<\/div>\n\t\t<div class=\"elementor-element elementor-element-835a074 e-con-full e-flex wpr-particle-no wpr-jarallax-no wpr-parallax-no wpr-sticky-section-no wpr-equal-height-no e-con e-child\" data-id=\"835a074\" data-element_type=\"container\" data-e-type=\"container\" data-settings=\"{&quot;background_background&quot;:&quot;classic&quot;}\">\n\t\t\t\t<div class=\"elementor-element elementor-element-fc61f49 elementor-widget elementor-widget-text-editor\" data-id=\"fc61f49\" data-element_type=\"widget\" data-e-type=\"widget\" data-widget_type=\"text-editor.default\">\n\t\t\t\t\t\t\t\t\t<p><strong>So k\u00f6nnen Sie helfen:<\/strong><\/p><ul><li><span class=\"a_GcMg font-feature-liga-off font-feature-clig-off font-feature-calt-off text-decoration-none text-strikethrough-none\">CHF 30 sichern die Lebensmittelversorgung einer Person f\u00fcr einen Monat.<\/span><\/li><li><span class=\"a_GcMg font-feature-liga-off font-feature-clig-off font-feature-calt-off text-decoration-none text-strikethrough-none\">CHF 360 erm\u00f6glichen die Versorgung f\u00fcr ein ganzes Jahr.<\/span><\/li><\/ul>\t\t\t\t\t\t\t\t<\/div>\n\t\t\t\t<div class=\"elementor-element elementor-element-cb65626 elementor-widget elementor-widget-button\" data-id=\"cb65626\" data-element_type=\"widget\" data-e-type=\"widget\" data-widget_type=\"button.default\">\n\t\t\t\t\t\t\t\t\t\t<a class=\"elementor-button elementor-button-link elementor-size-sm\" href=\"#\">\n\t\t\t\t\t\t<span class=\"elementor-button-content-wrapper\">\n\t\t\t\t\t\t\t\t\t<span class=\"elementor-button-text\">lebensmittel finanzieren<\/span>\n\t\t\t\t\t<\/span>\n\t\t\t\t\t<\/a>\n\t\t\t\t\t\t\t\t<\/div>\n\t\t\t\t<\/div>\n\t\t\t\t\t<\/div>\n\t\t\t\t<\/div>\n\t\t<div class=\"elementor-element elementor-element-a8279f5 e-flex e-con-boxed wpr-particle-no wpr-jarallax-no wpr-parallax-no wpr-sticky-section-no wpr-equal-height-no e-con e-parent\" data-id=\"a8279f5\" data-element_type=\"container\" data-e-type=\"container\">\n\t\t\t\t\t<div class=\"e-con-inner\">\n\t\t<div class=\"elementor-element elementor-element-7222dac e-con-full e-flex wpr-particle-no wpr-jarallax-no wpr-parallax-no wpr-sticky-section-no wpr-equal-height-no e-con e-child\" data-id=\"7222dac\" data-element_type=\"container\" data-e-type=\"container\">\n\t\t\t\t<div class=\"elementor-element elementor-element-e52a988 elementor-widget elementor-widget-image\" data-id=\"e52a988\" data-element_type=\"widget\" data-e-type=\"widget\" data-widget_type=\"image.default\">\n\t\t\t\t\t\t\t\t\t\t\t\t\t\t\t<img loading=\"lazy\" decoding=\"async\" width=\"700\" height=\"500\" src=\"https:\/\/freundebunutans.ch\/wp-content\/uploads\/2026\/03\/9-2.png\" class=\"elementor-animation-grow attachment-large size-large wp-image-1577\" alt=\"\" srcset=\"https:\/\/freundebunutans.ch\/wp-content\/uploads\/2026\/03\/9-2.png 700w, https:\/\/freundebunutans.ch\/wp-content\/uploads\/2026\/03\/9-2-300x214.png 300w\" sizes=\"(max-width: 700px) 100vw, 700px\" \/>\t\t\t\t\t\t\t\t\t\t\t\t\t\t\t<\/div>\n\t\t\t\t<div class=\"elementor-element elementor-element-d64b723 elementor-widget elementor-widget-image\" data-id=\"d64b723\" data-element_type=\"widget\" data-e-type=\"widget\" data-widget_type=\"image.default\">\n\t\t\t\t\t\t\t\t\t\t\t\t\t\t\t<img loading=\"lazy\" decoding=\"async\" width=\"700\" height=\"500\" src=\"https:\/\/freundebunutans.ch\/wp-content\/uploads\/2026\/03\/11-1.png\" class=\"elementor-animation-grow attachment-large size-large wp-image-1576\" alt=\"\" srcset=\"https:\/\/freundebunutans.ch\/wp-content\/uploads\/2026\/03\/11-1.png 700w, https:\/\/freundebunutans.ch\/wp-content\/uploads\/2026\/03\/11-1-300x214.png 300w\" sizes=\"(max-width: 700px) 100vw, 700px\" \/>\t\t\t\t\t\t\t\t\t\t\t\t\t\t\t<\/div>\n\t\t\t\t<\/div>\n\t\t<div class=\"elementor-element elementor-element-b4b3275 e-con-full e-flex wpr-particle-no wpr-jarallax-no wpr-parallax-no wpr-sticky-section-no wpr-equal-height-no e-con e-child\" data-id=\"b4b3275\" data-element_type=\"container\" data-e-type=\"container\">\n\t\t\t\t<div class=\"elementor-element elementor-element-ad0f085 elementor-widget elementor-widget-heading\" data-id=\"ad0f085\" data-element_type=\"widget\" data-e-type=\"widget\" data-widget_type=\"heading.default\">\n\t\t\t\t\t<h2 class=\"elementor-heading-title elementor-size-default\">Ern\u00e4hrungssicherung in Krisenzeiten<\/h2>\t\t\t\t<\/div>\n\t\t\t\t<div class=\"elementor-element elementor-element-6110f99 elementor-widget elementor-widget-text-editor\" data-id=\"6110f99\" data-element_type=\"widget\" data-e-type=\"widget\" data-widget_type=\"text-editor.default\">\n\t\t\t\t\t\t\t\t\t<p class=\"cvGsUA direction-ltr align-start para-style-body\"><span class=\"a_GcMg font-feature-liga-off font-feature-clig-off font-feature-calt-off text-decoration-none text-strikethrough-none\">W\u00e4hrend der Covid-Pandemie versch\u00e4rfte sich die Not dramatisch. Von April 2020 bis September 2022 verteilten wir regelm\u00e4ssig Grundnahrungsmittel, in Bali sembako genannt, an 117 Familien mit insgesamt 461 Erwachsenen und Kindern.<\/span><\/p><p class=\"cvGsUA direction-ltr align-start para-style-body\"><span class=\"a_GcMg font-feature-liga-off font-feature-clig-off font-feature-calt-off text-decoration-none text-strikethrough-none\">So konnten wir verhindern, dass vor allem Kinder hungrig schlafen gehen mussten.<\/span><\/p>\t\t\t\t\t\t\t\t<\/div>\n\t\t\t\t<div class=\"elementor-element elementor-element-c88209b elementor-widget elementor-widget-text-editor\" data-id=\"c88209b\" data-element_type=\"widget\" data-e-type=\"widget\" data-widget_type=\"text-editor.default\">\n\t\t\t\t\t\t\t\t\t<p class=\"cvGsUA direction-ltr align-start para-style-body\"><span class=\"a_GcMg font-feature-liga-off font-feature-clig-off font-feature-calt-off text-decoration-none text-strikethrough-none\">Bis heute unterst\u00fctzen wir weiterhin 18 mittellose Familien, viele von ihnen mit schwerbehinderten Familienmitgliedern, mit der regelm\u00e4ssigen Abgabe von sembako.<\/span><\/p><p class=\"cvGsUA direction-ltr align-start para-style-body\"><span class=\"a_GcMg font-feature-liga-off font-feature-clig-off font-feature-calt-off text-decoration-none text-strikethrough-none\">Unsere Arbeit betrachten wir nicht als Geste des Mitleids. Sie ist unser Beitrag zu mehr Gerechtigkeit.<\/span><\/p>\t\t\t\t\t\t\t\t<\/div>\n\t\t\t\t<\/div>\n\t\t\t\t\t<\/div>\n\t\t\t\t<\/div>\n\t\t\t\t<\/div>\n\t\t","protected":false},"excerpt":{"rendered":"<p>\u201cHunger ist keine Frage von Wohlt\u00e4tigkeit. Er ist eine Frage von Gerechtigkeit.\u201c Jacques Diouf, ehem. Generaldirektor der FAO Gemeinsam gegen Isolation Seit 2017 unterst\u00fctzen wir betagte Menschen in den steilen H\u00fcgeln von Lipah, die in Armut und oft Einsamkeit leben. Obwohl die balinesische Tradition vorsieht, dass Familien f\u00fcr ihre \u00c4ltesten sorgen, fehlen vielen Angeh\u00f6rigen selbst die Mittel. Alte Menschen bleiben deshalb h\u00e4ufig sich selbst \u00fcberlassen. Wir versorgen zwischen 25 und 35 besonders arme und teils schwer gebrechliche Seniorinnen und Senioren regelm\u00e4ssig mit Grundnahrungsmitteln. Unsere Boten halten uns \u00fcber die dringendsten Bed\u00fcrfnisse der alten Menschen auf dem Laufenden, so dass wir bei Bedarf medizinische Betreuung organisieren k\u00f6nnen. So k\u00f6nnen Sie helfen: CHF 30 sichern die Lebensmittelversorgung einer Person f\u00fcr einen Monat. CHF 360 erm\u00f6glichen die Versorgung f\u00fcr ein ganzes Jahr. lebensmittel finanzieren Ern\u00e4hrungssicherung in Krisenzeiten W\u00e4hrend der Covid-Pandemie versch\u00e4rfte sich die Not dramatisch. Von April 2020 bis September 2022 verteilten wir regelm\u00e4ssig Grundnahrungsmittel, in Bali sembako genannt, an 117 Familien mit insgesamt 461 Erwachsenen und Kindern. So konnten wir verhindern, dass vor allem Kinder hungrig schlafen gehen mussten. Bis heute unterst\u00fctzen wir weiterhin 18 mittellose Familien, viele von ihnen mit schwerbehinderten Familienmitgliedern, mit der regelm\u00e4ssigen Abgabe von sembako. Unsere Arbeit betrachten wir nicht als Geste des Mitleids. Sie ist unser Beitrag zu mehr Gerechtigkeit.<\/p>\n","protected":false},"author":1,"featured_media":0,"parent":0,"menu_order":0,"comment_status":"closed","ping_status":"closed","template":"","meta":{"footnotes":""},"class_list":["post-932","page","type-page","status-publish","hentry"],"_links":{"self":[{"href":"https:\/\/freundebunutans.ch\/index.php\/wp-json\/wp\/v2\/pages\/932","targetHints":{"allow":["GET"]}}],"collection":[{"href":"https:\/\/freundebunutans.ch\/index.php\/wp-json\/wp\/v2\/pages"}],"about":[{"href":"https:\/\/freundebunutans.ch\/index.php\/wp-json\/wp\/v2\/types\/page"}],"author":[{"embeddable":true,"href":"https:\/\/freundebunutans.ch\/index.php\/wp-json\/wp\/v2\/users\/1"}],"replies":[{"embeddable":true,"href":"https:\/\/freundebunutans.ch\/index.php\/wp-json\/wp\/v2\/comments?post=932"}],"version-history":[{"count":76,"href":"https:\/\/freundebunutans.ch\/index.php\/wp-json\/wp\/v2\/pages\/932\/revisions"}],"predecessor-version":[{"id":3269,"href":"https:\/\/freundebunutans.ch\/index.php\/wp-json\/wp\/v2\/pages\/932\/revisions\/3269"}],"wp:attachment":[{"href":"https:\/\/freundebunutans.ch\/index.php\/wp-json\/wp\/v2\/media?parent=932"}],"curies":[{"name":"wp","href":"https:\/\/api.w.org\/{rel}","templated":true}]}}