{"id":934,"date":"2026-03-09T02:07:25","date_gmt":"2026-03-09T01:07:25","guid":{"rendered":"https:\/\/freundebunutans.ch\/?page_id=934"},"modified":"2026-04-23T04:26:21","modified_gmt":"2026-04-23T02:26:21","slug":"bildung","status":"publish","type":"page","link":"https:\/\/freundebunutans.ch\/index.php\/bildung\/","title":{"rendered":"Bildung"},"content":{"rendered":"\t\t<div data-elementor-type=\"wp-page\" data-elementor-id=\"934\" class=\"elementor elementor-934\">\n\t\t\t\t<div class=\"elementor-element elementor-element-4044597 e-con-full e-flex wpr-particle-no wpr-jarallax-no wpr-parallax-no wpr-sticky-section-no wpr-equal-height-no e-con e-parent\" data-id=\"4044597\" data-element_type=\"container\" data-e-type=\"container\" data-settings=\"{&quot;background_background&quot;:&quot;classic&quot;}\">\n\t\t<div class=\"elementor-element elementor-element-bf7e6b5 e-flex e-con-boxed wpr-particle-no wpr-jarallax-no wpr-parallax-no wpr-sticky-section-no wpr-equal-height-no e-con e-child\" data-id=\"bf7e6b5\" data-element_type=\"container\" data-e-type=\"container\" data-settings=\"{&quot;background_background&quot;:&quot;classic&quot;}\">\n\t\t\t\t\t<div class=\"e-con-inner\">\n\t\t\t\t<div class=\"elementor-element elementor-element-4a96f8c elementor-widget elementor-widget-heading\" data-id=\"4a96f8c\" data-element_type=\"widget\" data-e-type=\"widget\" data-widget_type=\"heading.default\">\n\t\t\t\t\t<h2 class=\"elementor-heading-title elementor-size-default\">\u201cwer eine schule er\u00f6ffnet, schliesst ein gef\u00e4ngnis.\u201d<\/h2>\t\t\t\t<\/div>\n\t\t\t\t<div class=\"elementor-element elementor-element-5ca8649 elementor-widget elementor-widget-text-editor\" data-id=\"5ca8649\" data-element_type=\"widget\" data-e-type=\"widget\" data-widget_type=\"text-editor.default\">\n\t\t\t\t\t\t\t\t\t<p>Viktor Hugo, franz. Schriftsteller<\/p>\t\t\t\t\t\t\t\t<\/div>\n\t\t\t\t\t<\/div>\n\t\t\t\t<\/div>\n\t\t\t\t<\/div>\n\t\t<div class=\"elementor-element elementor-element-d832aad e-flex e-con-boxed wpr-particle-no wpr-jarallax-no wpr-parallax-no wpr-sticky-section-no wpr-equal-height-no e-con e-parent\" data-id=\"d832aad\" data-element_type=\"container\" data-e-type=\"container\">\n\t\t\t\t\t<div class=\"e-con-inner\">\n\t\t\t\t<div class=\"elementor-element elementor-element-1794ba8 elementor-widget elementor-widget-heading\" data-id=\"1794ba8\" data-element_type=\"widget\" data-e-type=\"widget\" data-widget_type=\"heading.default\">\n\t\t\t\t\t<h2 class=\"elementor-heading-title elementor-size-default\">Teufelskreis Armut<\/h2>\t\t\t\t<\/div>\n\t\t\t\t<div class=\"elementor-element elementor-element-da0a776 elementor-widget elementor-widget-text-editor\" data-id=\"da0a776\" data-element_type=\"widget\" data-e-type=\"widget\" data-widget_type=\"text-editor.default\">\n\t\t\t\t\t\t\t\t\t<p>Armut ist ein Gef\u00e4ngnis ohne Mauern \u2013 der Schl\u00fcssel heisst Bildung. Die meisten Kinder in Bunutan haben wegen des akuten Lehrermangels in Bali keinen ad\u00e4quaten Zugang zu Bildung. Besonders mangelnde Englischkenntnisse beschr\u00e4nken ihre Berufschancen auf der touristischen Insel massiv. Unzureichender Mathematikunterricht verhindert zudem oft ein Universit\u00e4tsstudium \u2013 die einzige M\u00f6glichkeit, einen Fachberuf zu erlernen, da Berufslehren in Indonesien unbekannt sind.<\/p>\t\t\t\t\t\t\t\t<\/div>\n\t\t\t\t<div class=\"elementor-element elementor-element-fe64613 elementor-widget elementor-widget-heading\" data-id=\"fe64613\" data-element_type=\"widget\" data-e-type=\"widget\" data-widget_type=\"heading.default\">\n\t\t\t\t\t<h2 class=\"elementor-heading-title elementor-size-default\">Unsere Bildungsstrategie<\/h2>\t\t\t\t<\/div>\n\t\t\t\t<div class=\"elementor-element elementor-element-8a588f7 elementor-widget elementor-widget-text-editor\" data-id=\"8a588f7\" data-element_type=\"widget\" data-e-type=\"widget\" data-widget_type=\"text-editor.default\">\n\t\t\t\t\t\t\t\t\t<p>Wir investieren in die schulische Bildung der Kinder in Bunutan, indem wir den Primarschulen qualifizierte Lehrkr\u00e4fte und fundiertes Unterrichtsmaterial zur Verf\u00fcgung stellen. Sekundarsch\u00fcler f\u00f6rdern wir gezielt mit praxisnahen Englischworkshops und Mathematikunterst\u00fctzung. So geben wir den Kindern die Werkzeuge, um die Mauern der Armut selbst einzureissen und eine sichere Zukunft aufzubauen.<\/p>\t\t\t\t\t\t\t\t<\/div>\n\t\t<div class=\"elementor-element elementor-element-835a074 e-con-full e-flex wpr-particle-no wpr-jarallax-no wpr-parallax-no wpr-sticky-section-no wpr-equal-height-no e-con e-child\" data-id=\"835a074\" data-element_type=\"container\" data-e-type=\"container\" data-settings=\"{&quot;background_background&quot;:&quot;classic&quot;}\">\n\t\t\t\t<div class=\"elementor-element elementor-element-fc61f49 elementor-widget elementor-widget-text-editor\" data-id=\"fc61f49\" data-element_type=\"widget\" data-e-type=\"widget\" data-widget_type=\"text-editor.default\">\n\t\t\t\t\t\t\t\t\t<p>Das k\u00f6nnen Sie beitragen:<\/p><ul><li><span class=\"a_GcMg font-feature-liga-off font-feature-clig-off font-feature-calt-off text-decoration-none text-strikethrough-none\">CHF 50 finanzieren Lernmaterialien f\u00fcr eine Klasse.<\/span><\/li><li><span class=\"a_GcMg font-feature-liga-off font-feature-clig-off font-feature-calt-off text-decoration-none text-strikethrough-none\">CHF 100 sichern mehrere Wochen Englischunterricht.<\/span><\/li><\/ul>\t\t\t\t\t\t\t\t<\/div>\n\t\t\t\t<div class=\"elementor-element elementor-element-4ee597a elementor-widget elementor-widget-button\" data-id=\"4ee597a\" data-element_type=\"widget\" data-e-type=\"widget\" data-widget_type=\"button.default\">\n\t\t\t\t\t\t\t\t\t\t<a class=\"elementor-button elementor-button-link elementor-size-sm\" href=\"#\">\n\t\t\t\t\t\t<span class=\"elementor-button-content-wrapper\">\n\t\t\t\t\t\t\t\t\t<span class=\"elementor-button-text\">bildung jetzt unterst\u00fctzen<\/span>\n\t\t\t\t\t<\/span>\n\t\t\t\t\t<\/a>\n\t\t\t\t\t\t\t\t<\/div>\n\t\t\t\t<\/div>\n\t\t\t\t\t<\/div>\n\t\t\t\t<\/div>\n\t\t<div class=\"elementor-element elementor-element-ada8105 e-con-full e-flex wpr-particle-no wpr-jarallax-no wpr-parallax-no wpr-sticky-section-no wpr-equal-height-no e-con e-parent\" data-id=\"ada8105\" data-element_type=\"container\" data-e-type=\"container\">\n\t\t<div class=\"elementor-element elementor-element-ab340fc e-con-full e-flex wpr-particle-no wpr-jarallax-no wpr-parallax-no wpr-sticky-section-no wpr-equal-height-no e-con e-child\" data-id=\"ab340fc\" data-element_type=\"container\" data-e-type=\"container\">\n\t\t\t\t<div class=\"elementor-element elementor-element-3b47e98 elementor-widget elementor-widget-image\" data-id=\"3b47e98\" data-element_type=\"widget\" data-e-type=\"widget\" data-widget_type=\"image.default\">\n\t\t\t\t\t\t\t\t\t\t\t\t\t\t\t<img fetchpriority=\"high\" decoding=\"async\" width=\"800\" height=\"533\" src=\"https:\/\/freundebunutans.ch\/wp-content\/uploads\/2026\/03\/8.png\" class=\"elementor-animation-grow attachment-large size-large wp-image-997\" alt=\"\" srcset=\"https:\/\/freundebunutans.ch\/wp-content\/uploads\/2026\/03\/8.png 900w, https:\/\/freundebunutans.ch\/wp-content\/uploads\/2026\/03\/8-300x200.png 300w, https:\/\/freundebunutans.ch\/wp-content\/uploads\/2026\/03\/8-768x512.png 768w\" sizes=\"(max-width: 800px) 100vw, 800px\" \/>\t\t\t\t\t\t\t\t\t\t\t\t\t\t\t<\/div>\n\t\t\t\t<\/div>\n\t\t<div class=\"elementor-element elementor-element-e95af7c e-con-full e-flex wpr-particle-no wpr-jarallax-no wpr-parallax-no wpr-sticky-section-no wpr-equal-height-no e-con e-child\" data-id=\"e95af7c\" data-element_type=\"container\" data-e-type=\"container\">\n\t\t\t\t<div class=\"elementor-element elementor-element-bdcc457 elementor-widget elementor-widget-image\" data-id=\"bdcc457\" data-element_type=\"widget\" data-e-type=\"widget\" data-widget_type=\"image.default\">\n\t\t\t\t\t\t\t\t\t\t\t\t\t\t\t<img decoding=\"async\" width=\"800\" height=\"533\" src=\"https:\/\/freundebunutans.ch\/wp-content\/uploads\/2026\/04\/bildung_gallery-1.png\" class=\"elementor-animation-grow attachment-large size-large wp-image-4343\" alt=\"\" srcset=\"https:\/\/freundebunutans.ch\/wp-content\/uploads\/2026\/04\/bildung_gallery-1.png 900w, https:\/\/freundebunutans.ch\/wp-content\/uploads\/2026\/04\/bildung_gallery-1-300x200.png 300w, https:\/\/freundebunutans.ch\/wp-content\/uploads\/2026\/04\/bildung_gallery-1-768x512.png 768w\" sizes=\"(max-width: 800px) 100vw, 800px\" \/>\t\t\t\t\t\t\t\t\t\t\t\t\t\t\t<\/div>\n\t\t\t\t<\/div>\n\t\t<div class=\"elementor-element elementor-element-617443c e-con-full e-flex wpr-particle-no wpr-jarallax-no wpr-parallax-no wpr-sticky-section-no wpr-equal-height-no e-con e-child\" data-id=\"617443c\" data-element_type=\"container\" data-e-type=\"container\">\n\t\t\t\t<div class=\"elementor-element elementor-element-42dd49f elementor-widget elementor-widget-image\" data-id=\"42dd49f\" data-element_type=\"widget\" data-e-type=\"widget\" data-widget_type=\"image.default\">\n\t\t\t\t\t\t\t\t\t\t\t\t\t\t\t<img decoding=\"async\" width=\"800\" height=\"533\" src=\"https:\/\/freundebunutans.ch\/wp-content\/uploads\/2026\/03\/10.png\" class=\"elementor-animation-grow attachment-large size-large wp-image-995\" alt=\"\" srcset=\"https:\/\/freundebunutans.ch\/wp-content\/uploads\/2026\/03\/10.png 900w, https:\/\/freundebunutans.ch\/wp-content\/uploads\/2026\/03\/10-300x200.png 300w, https:\/\/freundebunutans.ch\/wp-content\/uploads\/2026\/03\/10-768x512.png 768w\" sizes=\"(max-width: 800px) 100vw, 800px\" \/>\t\t\t\t\t\t\t\t\t\t\t\t\t\t\t<\/div>\n\t\t\t\t<\/div>\n\t\t\t\t<\/div>\n\t\t<div class=\"elementor-element elementor-element-c95eb61 e-flex e-con-boxed wpr-particle-no wpr-jarallax-no wpr-parallax-no wpr-sticky-section-no wpr-equal-height-no e-con e-parent\" data-id=\"c95eb61\" data-element_type=\"container\" data-e-type=\"container\">\n\t\t\t\t\t<div class=\"e-con-inner\">\n\t\t<div class=\"elementor-element elementor-element-b659c10 e-con-full e-flex wpr-particle-no wpr-jarallax-no wpr-parallax-no wpr-sticky-section-no wpr-equal-height-no e-con e-child\" data-id=\"b659c10\" data-element_type=\"container\" data-e-type=\"container\">\n\t\t\t\t<div class=\"elementor-element elementor-element-fc5eebd elementor-widget elementor-widget-heading\" data-id=\"fc5eebd\" data-element_type=\"widget\" data-e-type=\"widget\" data-widget_type=\"heading.default\">\n\t\t\t\t\t<h2 class=\"elementor-heading-title elementor-size-default\">unser beitrag<\/h2>\t\t\t\t<\/div>\n\t\t\t\t<div class=\"elementor-element elementor-element-cd74cd3 elementor-widget elementor-widget-text-editor\" data-id=\"cd74cd3\" data-element_type=\"widget\" data-e-type=\"widget\" data-widget_type=\"text-editor.default\">\n\t\t\t\t\t\t\t\t\t<ul><li>Rekrutierung und Finanzierung qualifizierter Englischlehrer<\/li><li>Altersgerechter, lokal angepasster Unterricht<\/li><li>Entwicklung und Bereitstellung moderner Lehrmittel<\/li><li>Gezielte Vorbereitung in Englisch und Mathematik f\u00fcr den Universit\u00e4tszugang<\/li><li>Stipendien f\u00fcr motivierte Sch\u00fcler in Fachberufen und Studium<\/li><\/ul>\t\t\t\t\t\t\t\t<\/div>\n\t\t\t\t<\/div>\n\t\t<div class=\"elementor-element elementor-element-e1ef50e e-con-full e-flex wpr-particle-no wpr-jarallax-no wpr-parallax-no wpr-sticky-section-no wpr-equal-height-no e-con e-child\" data-id=\"e1ef50e\" data-element_type=\"container\" data-e-type=\"container\">\n\t\t\t\t<div class=\"elementor-element elementor-element-b702fa2 elementor-widget elementor-widget-heading\" data-id=\"b702fa2\" data-element_type=\"widget\" data-e-type=\"widget\" data-widget_type=\"heading.default\">\n\t\t\t\t\t<h2 class=\"elementor-heading-title elementor-size-default\">Ihre zukunft<\/h2>\t\t\t\t<\/div>\n\t\t\t\t<div class=\"elementor-element elementor-element-67b5323 elementor-widget elementor-widget-text-editor\" data-id=\"67b5323\" data-element_type=\"widget\" data-e-type=\"widget\" data-widget_type=\"text-editor.default\">\n\t\t\t\t\t\t\t\t\t<ul><li>Zugang zu h\u00f6heren Fachberufen und akademischer Bildung<\/li><li>Gute Englischkenntnisse f\u00fcr qualifizierte Jobs im Tourismus<\/li><li>H\u00f6heres Einkommen f\u00fcr den Ausbruch aus der Armut<\/li><li>Selbstbestimmte Mitgestaltung der Zukunft ihrer Insel<\/li><\/ul>\t\t\t\t\t\t\t\t<\/div>\n\t\t\t\t<\/div>\n\t\t\t\t\t<\/div>\n\t\t\t\t<\/div>\n\t\t<div class=\"elementor-element elementor-element-9acf3b1 e-con-full e-flex wpr-particle-no wpr-jarallax-no wpr-parallax-no wpr-sticky-section-no wpr-equal-height-no e-con e-parent\" data-id=\"9acf3b1\" data-element_type=\"container\" data-e-type=\"container\">\n\t\t\t\t<div class=\"elementor-element elementor-element-4f1466d elementor-widget elementor-widget-image\" data-id=\"4f1466d\" data-element_type=\"widget\" data-e-type=\"widget\" data-widget_type=\"image.default\">\n\t\t\t\t\t\t\t\t\t\t\t\t\t\t\t<img loading=\"lazy\" decoding=\"async\" width=\"1920\" height=\"700\" src=\"https:\/\/freundebunutans.ch\/wp-content\/uploads\/2026\/03\/cover.png\" class=\"attachment-full size-full wp-image-999\" alt=\"\" srcset=\"https:\/\/freundebunutans.ch\/wp-content\/uploads\/2026\/03\/cover.png 1920w, https:\/\/freundebunutans.ch\/wp-content\/uploads\/2026\/03\/cover-300x109.png 300w, https:\/\/freundebunutans.ch\/wp-content\/uploads\/2026\/03\/cover-1024x373.png 1024w, https:\/\/freundebunutans.ch\/wp-content\/uploads\/2026\/03\/cover-768x280.png 768w, https:\/\/freundebunutans.ch\/wp-content\/uploads\/2026\/03\/cover-1536x560.png 1536w\" sizes=\"(max-width: 1920px) 100vw, 1920px\" \/>\t\t\t\t\t\t\t\t\t\t\t\t\t\t\t<\/div>\n\t\t\t\t<\/div>\n\t\t\t\t<\/div>\n\t\t","protected":false},"excerpt":{"rendered":"<p>\u201cwer eine schule er\u00f6ffnet, schliesst ein gef\u00e4ngnis.\u201d Viktor Hugo, franz. Schriftsteller Teufelskreis Armut Armut ist ein Gef\u00e4ngnis ohne Mauern \u2013 der Schl\u00fcssel heisst Bildung. Die meisten Kinder in Bunutan haben wegen des akuten Lehrermangels in Bali keinen ad\u00e4quaten Zugang zu Bildung. Besonders mangelnde Englischkenntnisse beschr\u00e4nken ihre Berufschancen auf der touristischen Insel massiv. Unzureichender Mathematikunterricht verhindert zudem oft ein Universit\u00e4tsstudium \u2013 die einzige M\u00f6glichkeit, einen Fachberuf zu erlernen, da Berufslehren in Indonesien unbekannt sind. Unsere Bildungsstrategie Wir investieren in die schulische Bildung der Kinder in Bunutan, indem wir den Primarschulen qualifizierte Lehrkr\u00e4fte und fundiertes Unterrichtsmaterial zur Verf\u00fcgung stellen. Sekundarsch\u00fcler f\u00f6rdern wir gezielt mit praxisnahen Englischworkshops und Mathematikunterst\u00fctzung. So geben wir den Kindern die Werkzeuge, um die Mauern der Armut selbst einzureissen und eine sichere Zukunft aufzubauen. Das k\u00f6nnen Sie beitragen: CHF 50 finanzieren Lernmaterialien f\u00fcr eine Klasse. CHF 100 sichern mehrere Wochen Englischunterricht. bildung jetzt unterst\u00fctzen unser beitrag Rekrutierung und Finanzierung qualifizierter Englischlehrer Altersgerechter, lokal angepasster Unterricht Entwicklung und Bereitstellung moderner Lehrmittel Gezielte Vorbereitung in Englisch und Mathematik f\u00fcr den Universit\u00e4tszugang Stipendien f\u00fcr motivierte Sch\u00fcler in Fachberufen und Studium Ihre zukunft Zugang zu h\u00f6heren Fachberufen und akademischer Bildung Gute Englischkenntnisse f\u00fcr qualifizierte Jobs im Tourismus H\u00f6heres Einkommen f\u00fcr den Ausbruch aus der Armut Selbstbestimmte Mitgestaltung der Zukunft ihrer Insel<\/p>\n","protected":false},"author":1,"featured_media":0,"parent":0,"menu_order":0,"comment_status":"closed","ping_status":"closed","template":"","meta":{"footnotes":""},"class_list":["post-934","page","type-page","status-publish","hentry"],"_links":{"self":[{"href":"https:\/\/freundebunutans.ch\/index.php\/wp-json\/wp\/v2\/pages\/934","targetHints":{"allow":["GET"]}}],"collection":[{"href":"https:\/\/freundebunutans.ch\/index.php\/wp-json\/wp\/v2\/pages"}],"about":[{"href":"https:\/\/freundebunutans.ch\/index.php\/wp-json\/wp\/v2\/types\/page"}],"author":[{"embeddable":true,"href":"https:\/\/freundebunutans.ch\/index.php\/wp-json\/wp\/v2\/users\/1"}],"replies":[{"embeddable":true,"href":"https:\/\/freundebunutans.ch\/index.php\/wp-json\/wp\/v2\/comments?post=934"}],"version-history":[{"count":94,"href":"https:\/\/freundebunutans.ch\/index.php\/wp-json\/wp\/v2\/pages\/934\/revisions"}],"predecessor-version":[{"id":4355,"href":"https:\/\/freundebunutans.ch\/index.php\/wp-json\/wp\/v2\/pages\/934\/revisions\/4355"}],"wp:attachment":[{"href":"https:\/\/freundebunutans.ch\/index.php\/wp-json\/wp\/v2\/media?parent=934"}],"curies":[{"name":"wp","href":"https:\/\/api.w.org\/{rel}","templated":true}]}}